{"id":911,"date":"2018-10-23T13:48:03","date_gmt":"2018-10-23T11:48:03","guid":{"rendered":"https:\/\/inspiration4web.com\/?page_id=911"},"modified":"2018-10-24T09:26:07","modified_gmt":"2018-10-24T07:26:07","slug":"o-nama","status":"publish","type":"page","link":"https:\/\/inspiration4web.com\/hr\/o-nama\/","title":{"rendered":"O nama"},"content":{"rendered":"\n<p>Mi smo mladi tim dizajnera i programera koji voli svoj posao te \u0107e uspje\u0161no na\u0107i kreativno i profesionalno rje\u0161enje za izradu va\u0161e web stranice ili nekog drugog grafi\u010dkog posla. Bilo da trebate web stranicu, Facebook stranicu, dizajn ambala\u017ee, vizitku, bro\u0161uru, katalog ili prospekt slobodno nam se javite, rado \u0107emo odraditi posao i kona\u010dan rezultat \u0107e biti osmjeh na va\u0161em licu. Cilj nam je krairati jedinstven dizajn prilago\u0111en na\u0161im klijentima te njihovim potrebama.<br>Ukoliko jo\u0161 uvijek niste odlu\u010dili koga odabrati, slobodno nam se obratite bez obaveze, rado \u0107emo pomo\u0107i i poku\u0161at na\u0107i rje\u0161enje za \u0161to bolju prezentaciju vas samih ili proizvoda koje nudite. <\/p>\n\n\n\n<p>Volim svoj posao i od svakog projekta \u017eelim posti\u0107i \u0161to bolje rezultate. Za mene je svaki novi projekt novi izazov. Zato ukoliko treba\u0161 web ili print dizajn slobodno me kontaktiraj.<\/p>\n","protected":false},"excerpt":{"rendered":"<p>Mi smo mladi tim dizajnera i programera koji voli svoj posao te \u0107e uspje\u0161no na\u0107i kreativno i profesionalno rje\u0161enje za izradu va\u0161e web stranice ili nekog drugog grafi\u010dkog posla. Bilo da trebate web stranicu, Facebook stranicu, dizajn ambala\u017ee, vizitku, bro\u0161uru, katalog ili prospekt slobodno nam se javite, rado \u0107emo odraditi posao i kona\u010dan rezultat \u0107e [&hellip;]<\/p>\n","protected":false},"author":1,"featured_media":0,"parent":0,"menu_order":0,"comment_status":"closed","ping_status":"closed","template":"page-about.php","meta":{"_acf_changed":false,"footnotes":""},"class_list":["post-911","page","type-page","status-publish","hentry"],"acf":[],"_links":{"self":[{"href":"https:\/\/inspiration4web.com\/hr\/wp-json\/wp\/v2\/pages\/911","targetHints":{"allow":["GET"]}}],"collection":[{"href":"https:\/\/inspiration4web.com\/hr\/wp-json\/wp\/v2\/pages"}],"about":[{"href":"https:\/\/inspiration4web.com\/hr\/wp-json\/wp\/v2\/types\/page"}],"author":[{"embeddable":true,"href":"https:\/\/inspiration4web.com\/hr\/wp-json\/wp\/v2\/users\/1"}],"replies":[{"embeddable":true,"href":"https:\/\/inspiration4web.com\/hr\/wp-json\/wp\/v2\/comments?post=911"}],"version-history":[{"count":5,"href":"https:\/\/inspiration4web.com\/hr\/wp-json\/wp\/v2\/pages\/911\/revisions"}],"predecessor-version":[{"id":969,"href":"https:\/\/inspiration4web.com\/hr\/wp-json\/wp\/v2\/pages\/911\/revisions\/969"}],"wp:attachment":[{"href":"https:\/\/inspiration4web.com\/hr\/wp-json\/wp\/v2\/media?parent=911"}],"curies":[{"name":"wp","href":"https:\/\/api.w.org\/{rel}","templated":true}]}}